{"id":32,"date":"2019-03-11T16:32:15","date_gmt":"2019-03-11T15:32:15","guid":{"rendered":"http:\/\/elternkreis-bodensee.de\/ek-be\/?page_id=32"},"modified":"2024-12-03T19:35:08","modified_gmt":"2024-12-03T18:35:08","slug":"impressum","status":"publish","type":"page","link":"https:\/\/elternkreis-bodensee.de\/ek-be\/startseite\/impressum\/","title":{"rendered":"Impressum"},"content":{"rendered":"\n<p><strong>Postanschrift:<\/strong><\/p>\n\n\n\n<p>Elternkreis Singen-Radolfzell-Konstanz<br>Suchtgef\u00e4hrdeter\u2026 Suchtkranker\u2026 T\u00f6chter &amp; S\u00f6hne<br>Zwischen den Wegen 38<br>78239 Rielasingen<\/p>\n\n\n\n<p><strong>Verantwortliche Ansprechperson:&nbsp;<\/strong>Zita Wirsch<\/p>\n\n\n\n<p><strong>Webadministrator:<\/strong>&nbsp;Marco Westenfelder&nbsp;<a href=\"mailto:elternkreis@mwestenfelder.de\">elternkreis@mwestenfelder.de<\/a><\/p>\n\n\n\n<p><strong>Links auf Websites von Dritten:<\/strong><\/p>\n\n\n\n<p>Elternkreis Singen-Radolfzell-Konstanz hat keinen Einflu\u00df auf Websites von Dritten, auf die Links von der Elternkreis-Bodensee Website verweisen, und \u00fcbernimmt daher keinerlei Verantwortung f\u00fcr andere Websites (oder deren Inhalt), auf die Sie \u00fcber die Elternkreis-Bodensee Website Zugriff haben. Elternkreis-Bodensee stellt Ihnen solche Links auf andere Websites lediglich als Service zur Verf\u00fcgung. Die Bereitstellung eines Links bedeutet nicht, da\u00df Elternkreis-Bodensee den Inhalt oder die Nutzung solcher Websites billigt oder irgendeine Haftung daf\u00fcr \u00fcbernimmt. Bitte beachten Sie beim Zugriff auf eine andere Website, da\u00df diese unabh\u00e4ngig von Elternkreis-Bodensee ist, und Elternkreis-Bodensee keinen Einflu\u00df auf den Inhalt dieser Website hat. Es liegt in Ihrer Verantwortung, die notwendigen Vorkehrungen zu treffen, um sicherzustellen, da\u00df die von Ihnen ausgew\u00e4hlten Materialien frei von Viren, W\u00fcrmern, trojanischen Pferden oder anderen sch\u00e4dlichen Inhalten sind.<\/p>\n\n\n\n<p><br><\/p>\n","protected":false},"excerpt":{"rendered":"<p>Postanschrift: Elternkreis Singen-Radolfzell-KonstanzSuchtgef\u00e4hrdeter\u2026 Suchtkranker\u2026 T\u00f6chter &amp; S\u00f6hneZwischen den Wegen 3878239 Rielasingen Verantwortliche Ansprechperson:&nbsp;Zita Wirsch Webadministrator:&nbsp;Marco Westenfelder&nbsp;elternkreis@mwestenfelder.de Links auf Websites von Dritten: Elternkreis Singen-Radolfzell-Konstanz hat keinen Einflu\u00df auf Websites von Dritten, auf die Links von der Elternkreis-Bodensee Website verweisen, und \u00fcbernimmt daher keinerlei Verantwortung f\u00fcr andere Websites (oder deren Inhalt), auf die Sie \u00fcber die Elternkreis-Bodensee Website Zugriff haben. Elternkreis-Bodensee stellt Ihnen solche Links auf andere Websites lediglich als Service zur Verf\u00fcgung. Die Bereitstellung eines Links bedeutet nicht, da\u00df Elternkreis-Bodensee den Inhalt oder die Nutzung solcher Websites billigt oder irgendeine Haftung daf\u00fcr \u00fcbernimmt. Bitte beachten Sie beim Zugriff auf eine andere Website, da\u00df diese unabh\u00e4ngig von Elternkreis-Bodensee ist, und Elternkreis-Bodensee keinen Einflu\u00df auf den Inhalt dieser Website hat. Es liegt in Ihrer Verantwortung, die notwendigen Vorkehrungen zu treffen, um sicherzustellen, da\u00df die von Ihnen ausgew\u00e4hlten Materialien frei von Viren, W\u00fcrmern, trojanischen Pferden oder anderen sch\u00e4dlichen Inhalten sind.<\/p>\n","protected":false},"author":1,"featured_media":0,"parent":35,"menu_order":0,"comment_status":"closed","ping_status":"closed","template":"","meta":{"footnotes":""},"class_list":["post-32","page","type-page","status-publish","hentry"],"_links":{"self":[{"href":"https:\/\/elternkreis-bodensee.de\/ek-be\/wp-json\/wp\/v2\/pages\/32","targetHints":{"allow":["GET"]}}],"collection":[{"href":"https:\/\/elternkreis-bodensee.de\/ek-be\/wp-json\/wp\/v2\/pages"}],"about":[{"href":"https:\/\/elternkreis-bodensee.de\/ek-be\/wp-json\/wp\/v2\/types\/page"}],"author":[{"embeddable":true,"href":"https:\/\/elternkreis-bodensee.de\/ek-be\/wp-json\/wp\/v2\/users\/1"}],"replies":[{"embeddable":true,"href":"https:\/\/elternkreis-bodensee.de\/ek-be\/wp-json\/wp\/v2\/comments?post=32"}],"version-history":[{"count":4,"href":"https:\/\/elternkreis-bodensee.de\/ek-be\/wp-json\/wp\/v2\/pages\/32\/revisions"}],"predecessor-version":[{"id":244,"href":"https:\/\/elternkreis-bodensee.de\/ek-be\/wp-json\/wp\/v2\/pages\/32\/revisions\/244"}],"up":[{"embeddable":true,"href":"https:\/\/elternkreis-bodensee.de\/ek-be\/wp-json\/wp\/v2\/pages\/35"}],"wp:attachment":[{"href":"https:\/\/elternkreis-bodensee.de\/ek-be\/wp-json\/wp\/v2\/media?parent=32"}],"curies":[{"name":"wp","href":"https:\/\/api.w.org\/{rel}","templated":true}]}}