{"id":35,"date":"2019-03-11T16:35:21","date_gmt":"2019-03-11T15:35:21","guid":{"rendered":"http:\/\/elternkreis-bodensee.de\/ek-be\/?page_id=35"},"modified":"2024-01-06T10:53:19","modified_gmt":"2024-01-06T09:53:19","slug":"startseite","status":"publish","type":"page","link":"https:\/\/elternkreis-bodensee.de\/ek-be\/","title":{"rendered":"Startseite"},"content":{"rendered":"\n<p><strong>Gibt es in Ihrer Familie einen Angeh\u00f6rigen, bei dem Sie eine massive Gef\u00e4hrdung durch Drogen oder Suchtmittel oder einen Missbrauch feststellen?<\/strong><\/p>\n\n\n\n<p><strong>Befinden Sie sich dadurch in einer extremen Familiensituation?<\/strong><\/p>\n\n\n\n<p>Wir sind eine Selbsthilfegruppe von Eltern und wissen aus eigener Erfahrung, was das f\u00fcr Sie bedeutet.<br>\u00c4ngste, Verzweiflung und scheinbare Ausweglosigkeit haben wir selbst erlebt. Wir wissen aber auch, dass keine Situation hoffnungslos ist.<br>Wir k\u00f6nnen etwas \u00e4ndern, wenn wir selbst aktiv werden.<\/p>\n\n\n\n<p>Unsere eigenen positiven Erfahrungen m\u00f6chten wir gerne an Sie weiter geben.<\/p>\n\n\n\n<p>Nehmen Sie Kontakt mit uns auf, per Telefon, Fax oder e-mail, wenn Sie an unserer offenen Gespr\u00e4chsrunde teilnehmen m\u00f6chten.<\/p>\n\n\n\n<p>In unserem Elternkreis behandeln wir alle Informationen vertraulich und respektieren, wenn Sie anonym bleiben wollen.<\/p>\n","protected":false},"excerpt":{"rendered":"<p>Gibt es in Ihrer Familie einen Angeh\u00f6rigen, bei dem Sie eine massive Gef\u00e4hrdung durch Drogen oder Suchtmittel oder einen Missbrauch feststellen? Befinden Sie sich dadurch in einer extremen Familiensituation? Wir sind eine Selbsthilfegruppe von Eltern und wissen aus eigener Erfahrung, was das f\u00fcr Sie bedeutet.\u00c4ngste, Verzweiflung und scheinbare Ausweglosigkeit haben wir selbst erlebt. Wir wissen aber auch, dass keine Situation hoffnungslos ist.Wir k\u00f6nnen etwas \u00e4ndern, wenn wir selbst aktiv werden. Unsere eigenen positiven Erfahrungen m\u00f6chten wir gerne an Sie weiter geben. Nehmen Sie Kontakt mit uns auf, per Telefon, Fax oder e-mail, wenn Sie an unserer offenen Gespr\u00e4chsrunde teilnehmen m\u00f6chten. In unserem Elternkreis behandeln wir alle Informationen vertraulich und respektieren, wenn Sie anonym bleiben wollen.<\/p>\n","protected":false},"author":1,"featured_media":0,"parent":0,"menu_order":0,"comment_status":"closed","ping_status":"closed","template":"","meta":{"footnotes":""},"class_list":["post-35","page","type-page","status-publish","hentry"],"_links":{"self":[{"href":"https:\/\/elternkreis-bodensee.de\/ek-be\/wp-json\/wp\/v2\/pages\/35","targetHints":{"allow":["GET"]}}],"collection":[{"href":"https:\/\/elternkreis-bodensee.de\/ek-be\/wp-json\/wp\/v2\/pages"}],"about":[{"href":"https:\/\/elternkreis-bodensee.de\/ek-be\/wp-json\/wp\/v2\/types\/page"}],"author":[{"embeddable":true,"href":"https:\/\/elternkreis-bodensee.de\/ek-be\/wp-json\/wp\/v2\/users\/1"}],"replies":[{"embeddable":true,"href":"https:\/\/elternkreis-bodensee.de\/ek-be\/wp-json\/wp\/v2\/comments?post=35"}],"version-history":[{"count":14,"href":"https:\/\/elternkreis-bodensee.de\/ek-be\/wp-json\/wp\/v2\/pages\/35\/revisions"}],"predecessor-version":[{"id":212,"href":"https:\/\/elternkreis-bodensee.de\/ek-be\/wp-json\/wp\/v2\/pages\/35\/revisions\/212"}],"wp:attachment":[{"href":"https:\/\/elternkreis-bodensee.de\/ek-be\/wp-json\/wp\/v2\/media?parent=35"}],"curies":[{"name":"wp","href":"https:\/\/api.w.org\/{rel}","templated":true}]}}