{"id":44,"date":"2019-03-11T17:06:01","date_gmt":"2019-03-11T16:06:01","guid":{"rendered":"http:\/\/elternkreis-bodensee.de\/ek-be\/?page_id=44"},"modified":"2019-03-14T17:12:41","modified_gmt":"2019-03-14T16:12:41","slug":"dialoge","status":"publish","type":"page","link":"https:\/\/elternkreis-bodensee.de\/ek-be\/startseite\/dialoge\/","title":{"rendered":"Dialoge"},"content":{"rendered":"\n<p><strong>Was k\u00f6nnen Sie bei uns finden?<\/strong><\/p>\n\n\n\n<p>Im Elternkreis treffen Sie auf Menschen, von denen Sie sich verstanden f\u00fchlen k\u00f6nnen:<\/p>\n\n\n\n<p>&#8211; weil Sie v\u00f6llig offen \u00fcber Ihre Probleme sprechen k\u00f6nnen&nbsp;<\/p>\n\n\n\n<p>&#8211; weil Sie Ihre Wut, Entt\u00e4uschung, Trauer, Schuldgef\u00fchle und Ihre Verzweiflung mitteilen k\u00f6nnen<\/p>\n\n\n\n<p>&#8211; weil IhreGespr\u00e4chspartner all diese Phasen selbst durchlebt haben und Ihnen Hoffnung geben k\u00f6nnen, aus der Aussichtslosigkeit herauszufinden und aktiv zu werden.<\/p>\n\n\n\n<p>In den gemeinsamen Gespr\u00e4chen werden Perspektiven aufgezeigt, die Sie dazu ermutigen, neue Wege zu gehen.<br>Wir helfen uns gegenseitig, wieder eine positive Lebenseinstellung zu finden.<br>Das macht eine Ver\u00e4nderung in der Familiensituation m\u00f6glich.<\/p>\n\n\n\n<p>Daneben erhalten Sie Informationen zur Drogenproblematik.<\/p>\n\n\n\n<p><strong>Nur starke und informierte Eltern k\u00f6nnen ihren suchtkranken Kindern zur Seite stehen!<\/strong><\/p>\n","protected":false},"excerpt":{"rendered":"<p>Was k\u00f6nnen Sie bei uns finden? Im Elternkreis treffen Sie auf Menschen, von denen Sie sich verstanden f\u00fchlen k\u00f6nnen: &#8211; weil Sie v\u00f6llig offen \u00fcber Ihre Probleme sprechen k\u00f6nnen&nbsp; &#8211; weil Sie Ihre Wut, Entt\u00e4uschung, Trauer, Schuldgef\u00fchle und Ihre Verzweiflung mitteilen k\u00f6nnen &#8211; weil IhreGespr\u00e4chspartner all diese Phasen selbst durchlebt haben und Ihnen Hoffnung geben k\u00f6nnen, aus der Aussichtslosigkeit herauszufinden und aktiv zu werden. In den gemeinsamen Gespr\u00e4chen werden Perspektiven aufgezeigt, die Sie dazu ermutigen, neue Wege zu gehen.Wir helfen uns gegenseitig, wieder eine positive Lebenseinstellung zu finden.Das macht eine Ver\u00e4nderung in der Familiensituation m\u00f6glich. Daneben erhalten Sie Informationen zur Drogenproblematik. Nur starke und informierte Eltern k\u00f6nnen ihren suchtkranken Kindern zur Seite stehen!<\/p>\n","protected":false},"author":1,"featured_media":0,"parent":35,"menu_order":0,"comment_status":"closed","ping_status":"closed","template":"","meta":{"footnotes":""},"class_list":["post-44","page","type-page","status-publish","hentry"],"_links":{"self":[{"href":"https:\/\/elternkreis-bodensee.de\/ek-be\/wp-json\/wp\/v2\/pages\/44","targetHints":{"allow":["GET"]}}],"collection":[{"href":"https:\/\/elternkreis-bodensee.de\/ek-be\/wp-json\/wp\/v2\/pages"}],"about":[{"href":"https:\/\/elternkreis-bodensee.de\/ek-be\/wp-json\/wp\/v2\/types\/page"}],"author":[{"embeddable":true,"href":"https:\/\/elternkreis-bodensee.de\/ek-be\/wp-json\/wp\/v2\/users\/1"}],"replies":[{"embeddable":true,"href":"https:\/\/elternkreis-bodensee.de\/ek-be\/wp-json\/wp\/v2\/comments?post=44"}],"version-history":[{"count":1,"href":"https:\/\/elternkreis-bodensee.de\/ek-be\/wp-json\/wp\/v2\/pages\/44\/revisions"}],"predecessor-version":[{"id":45,"href":"https:\/\/elternkreis-bodensee.de\/ek-be\/wp-json\/wp\/v2\/pages\/44\/revisions\/45"}],"up":[{"embeddable":true,"href":"https:\/\/elternkreis-bodensee.de\/ek-be\/wp-json\/wp\/v2\/pages\/35"}],"wp:attachment":[{"href":"https:\/\/elternkreis-bodensee.de\/ek-be\/wp-json\/wp\/v2\/media?parent=44"}],"curies":[{"name":"wp","href":"https:\/\/api.w.org\/{rel}","templated":true}]}}