{"id":46,"date":"2019-03-11T17:07:09","date_gmt":"2019-03-11T16:07:09","guid":{"rendered":"http:\/\/elternkreis-bodensee.de\/ek-be\/?page_id=46"},"modified":"2019-03-11T21:14:36","modified_gmt":"2019-03-11T20:14:36","slug":"taetigkeit","status":"publish","type":"page","link":"https:\/\/elternkreis-bodensee.de\/ek-be\/startseite\/taetigkeit\/","title":{"rendered":"T\u00e4tigkeit"},"content":{"rendered":"\n<p style=\"text-align:left\">Der Elternkreis Singen-Radolfzell-Konstanz ist eine Selbsthilfegruppe f\u00fcr Eltern und Angeh\u00f6rige von jungen Menschen, die durch Suchtmittel gef\u00e4hrdet oder abh\u00e4ngig sind.<\/p>\n\n\n\n<p>Wir treffen uns regelm\u00e4\u00dfig einmal im Monat, bei Bedarf zweimal im Monat zum Gespr\u00e4ch.<\/p>\n\n\n\n<p>Wir vermitteln Informationen durch betroffene Eltern und Fachleute.<br>Durch gegenseitigen Erfahrungsaustausch geben wir Hilfestellung.<\/p>\n\n\n\n<p>Regelm\u00e4ssig bieten wir Seminare zu verschiedenen Theman an.<\/p>\n\n\n\n<p><strong>Der Elternkreis arbeitet zusammen<\/strong><\/p>\n\n\n\n<ul class=\"wp-block-list\"><li>mit der Drogenberatung (PSB) im Landkreis Konstanz<\/li><\/ul>\n\n\n\n<ul class=\"wp-block-list\"><li>mit der Baden-W\u00fcrttembergischen Landesvereinigung f\u00fcr Eltern\/Angeh\u00f6rigenkreise Drogenabh\u00e4ngiger und Drogengef\u00e4hrdeter e.V.<\/li><\/ul>\n\n\n\n<ul class=\"wp-block-list\"><li>mit dem Bundesverband der Elternkreise drogengef\u00e4hrdeter und drogenabh\u00e4ngiger Jugendlicher e.V<\/li><\/ul>\n","protected":false},"excerpt":{"rendered":"<p>Der Elternkreis Singen-Radolfzell-Konstanz ist eine Selbsthilfegruppe f\u00fcr Eltern und Angeh\u00f6rige von jungen Menschen, die durch Suchtmittel gef\u00e4hrdet oder abh\u00e4ngig sind. Wir treffen uns regelm\u00e4\u00dfig einmal im Monat, bei Bedarf zweimal im Monat zum Gespr\u00e4ch. Wir vermitteln Informationen durch betroffene Eltern und Fachleute.Durch gegenseitigen Erfahrungsaustausch geben wir Hilfestellung. Regelm\u00e4ssig bieten wir Seminare zu verschiedenen Theman an. Der Elternkreis arbeitet zusammen mit der Drogenberatung (PSB) im Landkreis Konstanz mit der Baden-W\u00fcrttembergischen Landesvereinigung f\u00fcr Eltern\/Angeh\u00f6rigenkreise Drogenabh\u00e4ngiger und Drogengef\u00e4hrdeter e.V. mit dem Bundesverband der Elternkreise drogengef\u00e4hrdeter und drogenabh\u00e4ngiger Jugendlicher e.V<\/p>\n","protected":false},"author":1,"featured_media":0,"parent":35,"menu_order":0,"comment_status":"closed","ping_status":"closed","template":"","meta":{"footnotes":""},"class_list":["post-46","page","type-page","status-publish","hentry"],"_links":{"self":[{"href":"https:\/\/elternkreis-bodensee.de\/ek-be\/wp-json\/wp\/v2\/pages\/46","targetHints":{"allow":["GET"]}}],"collection":[{"href":"https:\/\/elternkreis-bodensee.de\/ek-be\/wp-json\/wp\/v2\/pages"}],"about":[{"href":"https:\/\/elternkreis-bodensee.de\/ek-be\/wp-json\/wp\/v2\/types\/page"}],"author":[{"embeddable":true,"href":"https:\/\/elternkreis-bodensee.de\/ek-be\/wp-json\/wp\/v2\/users\/1"}],"replies":[{"embeddable":true,"href":"https:\/\/elternkreis-bodensee.de\/ek-be\/wp-json\/wp\/v2\/comments?post=46"}],"version-history":[{"count":5,"href":"https:\/\/elternkreis-bodensee.de\/ek-be\/wp-json\/wp\/v2\/pages\/46\/revisions"}],"predecessor-version":[{"id":71,"href":"https:\/\/elternkreis-bodensee.de\/ek-be\/wp-json\/wp\/v2\/pages\/46\/revisions\/71"}],"up":[{"embeddable":true,"href":"https:\/\/elternkreis-bodensee.de\/ek-be\/wp-json\/wp\/v2\/pages\/35"}],"wp:attachment":[{"href":"https:\/\/elternkreis-bodensee.de\/ek-be\/wp-json\/wp\/v2\/media?parent=46"}],"curies":[{"name":"wp","href":"https:\/\/api.w.org\/{rel}","templated":true}]}}