{"id":50,"date":"2019-03-11T17:08:49","date_gmt":"2019-03-11T16:08:49","guid":{"rendered":"http:\/\/elternkreis-bodensee.de\/ek-be\/?page_id=50"},"modified":"2019-03-15T18:08:27","modified_gmt":"2019-03-15T17:08:27","slug":"nuetzliche-links","status":"publish","type":"page","link":"https:\/\/elternkreis-bodensee.de\/ek-be\/startseite\/nuetzliche-links\/","title":{"rendered":"N\u00fctzliche Links"},"content":{"rendered":"\n<p style=\"color:#ffa500\" class=\"has-text-color\">&#8211; <a rel=\"noreferrer noopener\" href=\"http:\/\/www.elternkreise-baden-wuerttemberg.de\/\" target=\"_blank\"><strong>Baden-W\u00fcrttembergische Landesvereinigung f\u00fcr Eltern-\/Angeh\u00f6rigenkreise Drogenabh\u00e4ngiger und Drogengef\u00e4hrdeter e.V.<\/strong><\/a><\/p>\n\n\n\n<p style=\"color:#ffa500\" class=\"has-text-color\">&#8211; <a rel=\"noreferrer noopener\" href=\"http:\/\/www.bvek.com\/\" target=\"_blank\"><strong>Bundesverband der Elternkreise drogengef\u00e4hrdeter und drogenabh\u00e4ngiger Jugendlicher e. V. &#8211; BVEK<\/strong><\/a><\/p>\n\n\n\n<p style=\"color:#ffa500\" class=\"has-text-color\">&#8211; <a rel=\"noreferrer noopener\" href=\"http:\/\/www.drugcom.de\/\" target=\"_blank\"><strong>Drugcom &#8211; Alles \u00fcber Drogen<\/strong><\/a><\/p>\n\n\n\n<p style=\"color:#ffa500\" class=\"has-text-color\">&#8211; <a rel=\"noreferrer noopener\" href=\"http:\/\/www.dhs.de\/\" target=\"_blank\"><strong>DHS &#8211; Deutsche Hauptstelle f\u00fcr Suchtfragen e.V.<\/strong><\/a><\/p>\n\n\n\n<p style=\"color:#ffa500\" class=\"has-text-color\">&#8211; <a rel=\"noreferrer noopener\" href=\"http:\/\/www.bzga.de\/\" target=\"_blank\"><strong>BZgA &#8211; Bundeszentrale f\u00fcr gesundheitliche Aufkl\u00e4rung<\/strong><\/a><\/p>\n\n\n\n<p style=\"color:#ffa500\" class=\"has-text-color\">&#8211; <a rel=\"noreferrer noopener\" href=\"http:\/\/www.suchtfragen.de\/index.htm\" target=\"_blank\"><strong>Landesstelle f\u00fcr Suchtfragen in Baden-W\u00fcrttemberg<\/strong><\/a><\/p>\n\n\n\n<p style=\"color:#ffa500\" class=\"has-text-color\">&#8211; <a rel=\"noreferrer noopener\" href=\"http:\/\/www.drogenberatung-konstanz.de\/\" target=\"_blank\"><strong>Drogenberatung (PSB) im Landkreis Konstanz<\/strong><\/a><\/p>\n\n\n\n<p style=\"color:#ffa500\" class=\"has-text-color\">&#8211; <a rel=\"noreferrer noopener\" href=\"http:\/\/www.zfp-reichenau.de\/\" target=\"_blank\"><strong>Suchtmedizinische Tagesklinik<\/strong><\/a><\/p>\n","protected":false},"excerpt":{"rendered":"<p>&#8211; Baden-W\u00fcrttembergische Landesvereinigung f\u00fcr Eltern-\/Angeh\u00f6rigenkreise Drogenabh\u00e4ngiger und Drogengef\u00e4hrdeter e.V. &#8211; Bundesverband der Elternkreise drogengef\u00e4hrdeter und drogenabh\u00e4ngiger Jugendlicher e. V. &#8211; BVEK &#8211; Drugcom &#8211; Alles \u00fcber Drogen &#8211; DHS &#8211; Deutsche Hauptstelle f\u00fcr Suchtfragen e.V. &#8211; BZgA &#8211; Bundeszentrale f\u00fcr gesundheitliche Aufkl\u00e4rung &#8211; Landesstelle f\u00fcr Suchtfragen in Baden-W\u00fcrttemberg &#8211; Drogenberatung (PSB) im Landkreis Konstanz &#8211; Suchtmedizinische Tagesklinik<\/p>\n","protected":false},"author":1,"featured_media":0,"parent":35,"menu_order":0,"comment_status":"closed","ping_status":"closed","template":"","meta":{"footnotes":""},"class_list":["post-50","page","type-page","status-publish","hentry"],"_links":{"self":[{"href":"https:\/\/elternkreis-bodensee.de\/ek-be\/wp-json\/wp\/v2\/pages\/50","targetHints":{"allow":["GET"]}}],"collection":[{"href":"https:\/\/elternkreis-bodensee.de\/ek-be\/wp-json\/wp\/v2\/pages"}],"about":[{"href":"https:\/\/elternkreis-bodensee.de\/ek-be\/wp-json\/wp\/v2\/types\/page"}],"author":[{"embeddable":true,"href":"https:\/\/elternkreis-bodensee.de\/ek-be\/wp-json\/wp\/v2\/users\/1"}],"replies":[{"embeddable":true,"href":"https:\/\/elternkreis-bodensee.de\/ek-be\/wp-json\/wp\/v2\/comments?post=50"}],"version-history":[{"count":4,"href":"https:\/\/elternkreis-bodensee.de\/ek-be\/wp-json\/wp\/v2\/pages\/50\/revisions"}],"predecessor-version":[{"id":137,"href":"https:\/\/elternkreis-bodensee.de\/ek-be\/wp-json\/wp\/v2\/pages\/50\/revisions\/137"}],"up":[{"embeddable":true,"href":"https:\/\/elternkreis-bodensee.de\/ek-be\/wp-json\/wp\/v2\/pages\/35"}],"wp:attachment":[{"href":"https:\/\/elternkreis-bodensee.de\/ek-be\/wp-json\/wp\/v2\/media?parent=50"}],"curies":[{"name":"wp","href":"https:\/\/api.w.org\/{rel}","templated":true}]}}