{"id":18,"date":"2019-03-11T16:33:20","date_gmt":"2019-03-11T15:33:20","guid":{"rendered":"http:\/\/elternkreis-bodensee.de\/ek-fn\/?page_id=18"},"modified":"2024-12-03T19:34:52","modified_gmt":"2024-12-03T18:34:52","slug":"impressum","status":"publish","type":"page","link":"https:\/\/elternkreis-bodensee.de\/ek-fn\/startseite\/impressum\/","title":{"rendered":"Impressum"},"content":{"rendered":"\n<p><strong>Postanschrift:<\/strong><\/p>\n\n\n\n<p>Elternkreis Suchtgef\u00e4hrdeter\u2026 Suchtkranker\u2026 T\u00f6chter &amp; S\u00f6hne<br>Regina Staudte<br>Abt-Thomas-Stra\u00dfe 5\u00a0<br>88682 Salem<\/p>\n\n\n\n<p><strong>Verantwortliche Ansprechperson:&nbsp;<\/strong>Regina Staudte<\/p>\n\n\n\n<p><strong>Webadministrator:<\/strong>&nbsp;Marco Westenfelder&nbsp;<a href=\"mailto:elternkreis@mwestenfelder.de\">elternkreis@mwestenfelder.de<\/a><\/p>\n\n\n\n<p><strong>Links auf Websites von Dritten:<\/strong><\/p>\n\n\n\n<p>Elternkreis Friedrichshafen hat keinen Einflu\u00df auf Websites von Dritten, auf die Links von der Elternkreis Friedrichshafen Website verweisen, und \u00fcbernimmt daher keinerlei Verantwortung f\u00fcr andere Websites (oder deren Inhalt), auf die Sie \u00fcber die Elternkreis Friedrichshafen Website Zugriff haben. Elternkreis Friedrichshafen stellt Ihnen solche Links auf andere Websites lediglich als Service zur Verf\u00fcgung. Die Bereitstellung eines Links bedeutet nicht, da\u00df Elternkreis Friedrichshafen den Inhalt oder die Nutzung solcher Websites billigt oder irgendeine Haftung daf\u00fcr \u00fcbernimmt. Bitte beachten Sie beim Zugriff auf eine andere Website, da\u00df diese unabh\u00e4ngig von Elternkreis Friedrichshafen ist, und Elternkreis Friedrichshafen keinen Einflu\u00df auf den Inhalt dieser Website hat. Es liegt in Ihrer Verantwortung, die notwendigen Vorkehrungen zu treffen, um sicherzustellen, da\u00df die von Ihnen ausgew\u00e4hlten Materialien frei von Viren, W\u00fcrmern, trojanischen Pferden oder anderen sch\u00e4dlichen Inhalten sind.<\/p>\n","protected":false},"excerpt":{"rendered":"<p>Postanschrift: Elternkreis Suchtgef\u00e4hrdeter\u2026 Suchtkranker\u2026 T\u00f6chter &amp; S\u00f6hneRegina StaudteAbt-Thomas-Stra\u00dfe 5\u00a088682 Salem Verantwortliche Ansprechperson:&nbsp;Regina Staudte Webadministrator:&nbsp;Marco Westenfelder&nbsp;elternkreis@mwestenfelder.de Links auf Websites von Dritten: Elternkreis Friedrichshafen hat keinen Einflu\u00df auf Websites von Dritten, auf die Links von der Elternkreis Friedrichshafen Website verweisen, und \u00fcbernimmt daher keinerlei Verantwortung f\u00fcr andere Websites (oder deren Inhalt), auf die Sie \u00fcber die Elternkreis Friedrichshafen Website Zugriff haben. Elternkreis Friedrichshafen stellt Ihnen solche Links auf andere Websites lediglich als Service zur Verf\u00fcgung. Die Bereitstellung eines Links bedeutet nicht, da\u00df Elternkreis Friedrichshafen den Inhalt oder die Nutzung solcher Websites billigt oder irgendeine Haftung daf\u00fcr \u00fcbernimmt. Bitte beachten Sie beim Zugriff auf eine andere Website, da\u00df diese unabh\u00e4ngig von Elternkreis Friedrichshafen ist, und Elternkreis Friedrichshafen keinen Einflu\u00df auf den Inhalt dieser Website hat. Es liegt in Ihrer Verantwortung, die notwendigen Vorkehrungen zu treffen, um sicherzustellen, da\u00df die von Ihnen ausgew\u00e4hlten Materialien frei von Viren, W\u00fcrmern, trojanischen Pferden oder anderen sch\u00e4dlichen Inhalten sind.<\/p>\n","protected":false},"author":1,"featured_media":0,"parent":21,"menu_order":0,"comment_status":"closed","ping_status":"closed","template":"","meta":{"footnotes":""},"class_list":["post-18","page","type-page","status-publish","hentry"],"_links":{"self":[{"href":"https:\/\/elternkreis-bodensee.de\/ek-fn\/wp-json\/wp\/v2\/pages\/18","targetHints":{"allow":["GET"]}}],"collection":[{"href":"https:\/\/elternkreis-bodensee.de\/ek-fn\/wp-json\/wp\/v2\/pages"}],"about":[{"href":"https:\/\/elternkreis-bodensee.de\/ek-fn\/wp-json\/wp\/v2\/types\/page"}],"author":[{"embeddable":true,"href":"https:\/\/elternkreis-bodensee.de\/ek-fn\/wp-json\/wp\/v2\/users\/1"}],"replies":[{"embeddable":true,"href":"https:\/\/elternkreis-bodensee.de\/ek-fn\/wp-json\/wp\/v2\/comments?post=18"}],"version-history":[{"count":7,"href":"https:\/\/elternkreis-bodensee.de\/ek-fn\/wp-json\/wp\/v2\/pages\/18\/revisions"}],"predecessor-version":[{"id":175,"href":"https:\/\/elternkreis-bodensee.de\/ek-fn\/wp-json\/wp\/v2\/pages\/18\/revisions\/175"}],"up":[{"embeddable":true,"href":"https:\/\/elternkreis-bodensee.de\/ek-fn\/wp-json\/wp\/v2\/pages\/21"}],"wp:attachment":[{"href":"https:\/\/elternkreis-bodensee.de\/ek-fn\/wp-json\/wp\/v2\/media?parent=18"}],"curies":[{"name":"wp","href":"https:\/\/api.w.org\/{rel}","templated":true}]}}