{"id":28,"date":"2019-03-16T23:24:40","date_gmt":"2019-03-16T22:24:40","guid":{"rendered":"http:\/\/fn.elternkreis-bodensee.de\/?page_id=28"},"modified":"2019-03-28T22:11:13","modified_gmt":"2019-03-28T21:11:13","slug":"nuetzliche-links","status":"publish","type":"page","link":"https:\/\/elternkreis-bodensee.de\/ek-fn\/startseite\/nuetzliche-links\/","title":{"rendered":"N\u00fctzliche Links"},"content":{"rendered":"\n<p style=\"color:#ffa500\" class=\"has-text-color\">&#8211;&nbsp;<a rel=\"noreferrer noopener\" href=\"http:\/\/www.elternkreise-baden-wuerttemberg.de\/\" target=\"_blank\"><strong>Baden-W\u00fcrttembergische Landesvereinigung f\u00fcr Eltern-\/Angeh\u00f6rigenkreise Drogenabh\u00e4ngiger und Drogengef\u00e4hrdeter e.V.<\/strong><\/a><\/p>\n\n\n\n<p style=\"color:#ffa500\" class=\"has-text-color\">&#8211;&nbsp;<a rel=\"noreferrer noopener\" href=\"http:\/\/www.bvek.com\/\" target=\"_blank\"><strong>Bundesverband der Elternkreise drogengef\u00e4hrdeter und drogenabh\u00e4ngiger Jugendlicher e. V. &#8211; BVEK<\/strong><\/a><\/p>\n\n\n\n<p style=\"color:#ffa500\" class=\"has-text-color\">&#8211;&nbsp;<a rel=\"noreferrer noopener\" href=\"http:\/\/www.drugcom.de\/\" target=\"_blank\"><strong>Drugcom &#8211; Alles \u00fcber Drogen<\/strong><\/a><\/p>\n\n\n\n<p style=\"color:#ffa500\" class=\"has-text-color\">&#8211;&nbsp;<a rel=\"noreferrer noopener\" href=\"http:\/\/www.dhs.de\/\" target=\"_blank\"><strong>DHS &#8211; Deutsche Hauptstelle f\u00fcr Suchtfragen e.V.<\/strong><\/a><\/p>\n\n\n\n<p style=\"color:#ffa500\" class=\"has-text-color\">&#8211;&nbsp;<a rel=\"noreferrer noopener\" href=\"http:\/\/www.bzga.de\/\" target=\"_blank\"><strong>BZgA &#8211; Bundeszentrale f\u00fcr gesundheitliche Aufkl\u00e4rung<\/strong><\/a><\/p>\n\n\n\n<p style=\"color:#ffa500\" class=\"has-text-color\">&#8211;&nbsp;<a rel=\"noreferrer noopener\" href=\"http:\/\/www.suchtfragen.de\/index.htm\" target=\"_blank\"><strong>Landesstelle f\u00fcr Suchtfragen in Baden-W\u00fcrttemberg<\/strong><\/a><\/p>\n\n\n\n<p style=\"color:#ffa500\" class=\"has-text-color\"><strong>&#8211; <\/strong><a href=\"https:\/\/www.suchtberatung-fn.de\/startseite\/\"><strong>Suchtberatung Friedrichshafen<\/strong><\/a><\/p>\n\n\n\n<p style=\"color:#ffa500\" class=\"has-text-color\"><strong><a rel=\"noreferrer noopener\" aria-label=\" (\u00f6ffnet in neuem Tab)\" href=\"https:\/\/www.zfp-web.de\/fachgebiete\/suchterkrankungen\/weissenau\/abteilung\/\" target=\"_blank\">&#8211; ZFP Wei\u00dfenau<\/a><\/strong><\/p>\n","protected":false},"excerpt":{"rendered":"<p>&#8211;&nbsp;Baden-W\u00fcrttembergische Landesvereinigung f\u00fcr Eltern-\/Angeh\u00f6rigenkreise Drogenabh\u00e4ngiger und Drogengef\u00e4hrdeter e.V. &#8211;&nbsp;Bundesverband der Elternkreise drogengef\u00e4hrdeter und drogenabh\u00e4ngiger Jugendlicher e. V. &#8211; BVEK &#8211;&nbsp;Drugcom &#8211; Alles \u00fcber Drogen &#8211;&nbsp;DHS &#8211; Deutsche Hauptstelle f\u00fcr Suchtfragen e.V. &#8211;&nbsp;BZgA &#8211; Bundeszentrale f\u00fcr gesundheitliche Aufkl\u00e4rung &#8211;&nbsp;Landesstelle f\u00fcr Suchtfragen in Baden-W\u00fcrttemberg &#8211; Suchtberatung Friedrichshafen &#8211; ZFP Wei\u00dfenau<\/p>\n","protected":false},"author":1,"featured_media":0,"parent":21,"menu_order":0,"comment_status":"closed","ping_status":"closed","template":"","meta":{"footnotes":""},"class_list":["post-28","page","type-page","status-publish","hentry"],"_links":{"self":[{"href":"https:\/\/elternkreis-bodensee.de\/ek-fn\/wp-json\/wp\/v2\/pages\/28","targetHints":{"allow":["GET"]}}],"collection":[{"href":"https:\/\/elternkreis-bodensee.de\/ek-fn\/wp-json\/wp\/v2\/pages"}],"about":[{"href":"https:\/\/elternkreis-bodensee.de\/ek-fn\/wp-json\/wp\/v2\/types\/page"}],"author":[{"embeddable":true,"href":"https:\/\/elternkreis-bodensee.de\/ek-fn\/wp-json\/wp\/v2\/users\/1"}],"replies":[{"embeddable":true,"href":"https:\/\/elternkreis-bodensee.de\/ek-fn\/wp-json\/wp\/v2\/comments?post=28"}],"version-history":[{"count":3,"href":"https:\/\/elternkreis-bodensee.de\/ek-fn\/wp-json\/wp\/v2\/pages\/28\/revisions"}],"predecessor-version":[{"id":66,"href":"https:\/\/elternkreis-bodensee.de\/ek-fn\/wp-json\/wp\/v2\/pages\/28\/revisions\/66"}],"up":[{"embeddable":true,"href":"https:\/\/elternkreis-bodensee.de\/ek-fn\/wp-json\/wp\/v2\/pages\/21"}],"wp:attachment":[{"href":"https:\/\/elternkreis-bodensee.de\/ek-fn\/wp-json\/wp\/v2\/media?parent=28"}],"curies":[{"name":"wp","href":"https:\/\/api.w.org\/{rel}","templated":true}]}}