{"id":36,"date":"2019-03-16T23:32:37","date_gmt":"2019-03-16T22:32:37","guid":{"rendered":"http:\/\/fn.elternkreis-bodensee.de\/?page_id=36"},"modified":"2025-11-24T21:48:56","modified_gmt":"2025-11-24T20:48:56","slug":"termine-2024","status":"publish","type":"page","link":"https:\/\/elternkreis-bodensee.de\/ek-fn\/startseite\/termine-2024\/","title":{"rendered":"Termine 2025\/2026"},"content":{"rendered":"\n<p>Der Elternkreis Suchtgef\u00e4hrdeter\u2026 Suchtkranker\u2026 T\u00f6chter &amp; S\u00f6hne<br>trifft sich an folgenden Terminen jeweils ab 19:00 bis 21:30 Uhr<\/p>\n\n\n\n<p><strong>im Geb\u00e4ude &#8222;Kontra&#8220; in der Ernst-Lehmann-Stra\u00dfe 26 in 88045 Friedrichshafen<\/strong><\/p>\n\n\n\n<div style=\"height:50px\" aria-hidden=\"true\" class=\"wp-block-spacer\"><\/div>\n\n\n\n<ul class=\"wp-block-list\">\n<li><strong>08. Dezember 2025 <\/strong>&#8211; EK Treffen Friedrichshafen<\/li>\n\n\n\n<li><strong>12. Januar 2026 <\/strong>&#8211; EK Treffen Friedrichshafen<\/li>\n\n\n\n<li class=\"padding: 5px;\"><strong>09. Februar 2026 <\/strong>&#8211; EK Treffen Friedrichshafen<\/li>\n\n\n\n<li><strong>09. M\u00e4rz 2026 <\/strong>&#8211; EK Treffen Friedrichshafen<\/li>\n\n\n\n<li><strong>13. April 2026 <\/strong>&#8211; EK Treffen Friedrichshafen<\/li>\n\n\n\n<li><strong>11. Mai 2026 <\/strong>&#8211; EK Treffen Friedrichshafen<\/li>\n\n\n\n<li><strong>08. Juni 2026<\/strong><strong> <\/strong>&#8211; EK Treffen Friedrichshafen<\/li>\n\n\n\n<li><strong>27. Juli 2026 <\/strong>&#8211; EK Treffen Friedrichshafen<\/li>\n\n\n\n<li><strong>August<\/strong> &#8211; Sommerpause<\/li>\n\n\n\n<li><strong>14. September 2026 <\/strong>&#8211; EK Treffen Friedrichshafen<\/li>\n\n\n\n<li><strong>12. Oktober  2026 <\/strong>&#8211; EK Treffen Friedrichshafen<\/li>\n\n\n\n<li><strong>09. November 2026 <\/strong>&#8211; EK Treffen Friedrichshafen<\/li>\n\n\n\n<li><strong>14. Dezember 2026 <\/strong>&#8211; EK Treffen Friedrichshafen<\/li>\n<\/ul>\n","protected":false},"excerpt":{"rendered":"<p>Der Elternkreis Suchtgef\u00e4hrdeter\u2026 Suchtkranker\u2026 T\u00f6chter &amp; S\u00f6hnetrifft sich an folgenden Terminen jeweils ab 19:00 bis 21:30 Uhr im Geb\u00e4ude &#8222;Kontra&#8220; in der Ernst-Lehmann-Stra\u00dfe 26 in 88045 Friedrichshafen<\/p>\n","protected":false},"author":1,"featured_media":0,"parent":21,"menu_order":0,"comment_status":"closed","ping_status":"closed","template":"","meta":{"footnotes":""},"class_list":["post-36","page","type-page","status-publish","hentry"],"_links":{"self":[{"href":"https:\/\/elternkreis-bodensee.de\/ek-fn\/wp-json\/wp\/v2\/pages\/36","targetHints":{"allow":["GET"]}}],"collection":[{"href":"https:\/\/elternkreis-bodensee.de\/ek-fn\/wp-json\/wp\/v2\/pages"}],"about":[{"href":"https:\/\/elternkreis-bodensee.de\/ek-fn\/wp-json\/wp\/v2\/types\/page"}],"author":[{"embeddable":true,"href":"https:\/\/elternkreis-bodensee.de\/ek-fn\/wp-json\/wp\/v2\/users\/1"}],"replies":[{"embeddable":true,"href":"https:\/\/elternkreis-bodensee.de\/ek-fn\/wp-json\/wp\/v2\/comments?post=36"}],"version-history":[{"count":48,"href":"https:\/\/elternkreis-bodensee.de\/ek-fn\/wp-json\/wp\/v2\/pages\/36\/revisions"}],"predecessor-version":[{"id":202,"href":"https:\/\/elternkreis-bodensee.de\/ek-fn\/wp-json\/wp\/v2\/pages\/36\/revisions\/202"}],"up":[{"embeddable":true,"href":"https:\/\/elternkreis-bodensee.de\/ek-fn\/wp-json\/wp\/v2\/pages\/21"}],"wp:attachment":[{"href":"https:\/\/elternkreis-bodensee.de\/ek-fn\/wp-json\/wp\/v2\/media?parent=36"}],"curies":[{"name":"wp","href":"https:\/\/api.w.org\/{rel}","templated":true}]}}